{"id":365,"date":"2013-08-11T20:13:42","date_gmt":"2013-08-11T20:13:42","guid":{"rendered":"http:\/\/localhost:8888\/test\/?page_id=545"},"modified":"2023-07-24T13:15:26","modified_gmt":"2023-07-24T13:15:26","slug":"faq","status":"publish","type":"page","link":"https:\/\/dmadu.com\/fr\/faq\/","title":{"rendered":"FAQ"},"content":{"rendered":"<div id=\"s-8a691d69-c4d8-4a88-ba78-a2fc9d694c08\" class=\"shg-c shg-align-center\">\n<div class=\"shogun-heading-component\">\n<h1 style=\"text-align: center;\">QUESTIONS AND ANSWERS<\/h1>\n<\/div>\n<\/div>\n<p style=\"text-align: center;\"><strong>Comment fonctionne l'\u00e9pilateur DMADU\u2122 ?<\/strong><\/p>\n<p style=\"text-align: center;\">L\u2019\u00e9pilateur DMADU\u2122 utilise l'IPL (Lumi\u00e8re puls\u00e9e intense), qui est un type moderne d'\u00e9pilation au laser utilis\u00e9 pour une \u00e9pilation \u00e0 long terme et sans douleur. Lorsque notre appareil est utilis\u00e9 sur vos poils, ceux-ci absorbent l'IPL qui chauffe et d\u00e9truit ensuite les cellules pileuses cibl\u00e9es.<\/p>\n<p style=\"text-align: center;\"><strong>DMADU\u2122 Advanced est-il s\u00fbr \u00e0 utiliser ?<\/strong><\/p>\n<p style=\"text-align: center;\">Totalement ! Un certain nombre d'\u00e9tudes men\u00e9es dans le monde entier ont prouv\u00e9 la s\u00e9curit\u00e9 et l'efficacit\u00e9 de la lumi\u00e8re puls\u00e9e pour l'\u00e9pilation. De ce fait, elle est devenue une m\u00e9thode d'\u00e9pilation s\u00fbre et efficace extr\u00eamement populaire.<\/p>\n<p style=\"text-align: center;\"><strong>L'\u00e9pilation DMADU\u2122 est-elle douloureuse ?<\/strong><\/p>\n<p style=\"text-align: center;\">L'un des nombreux avantages de notre appareil par rapport aux autres types de laser est qu'il est indolore.<\/p>\n<p style=\"text-align: center;\">La plupart des clients expliquent la sensation comme une sensation de chaleur sur la peau.<\/p>\n<p style=\"text-align: center;\"><strong>Est-ce permanent ?<\/strong><\/p>\n<p style=\"text-align: center;\">Notre appareil offre des r\u00e9sultats extr\u00eamement durables, mais aucune forme d'\u00e9pilation au laser n'est permanente, m\u00eame dans les cliniques. Soyez prudent lorsque des entreprises pr\u00e9tendent que l'\u00e9pilation est \"permanente\", car ce terme signifie techniquement qu'il n'y aura pas de repousse des poils pendant 6 mois. Pour maintenir les r\u00e9sultats \u00e0 long terme, nous conseillons d'utiliser notre appareil une fois par semaine pendant 8 semaines, puis une fois tous les quelques mois pour l'entretien.<\/p>\n<p style=\"text-align: center;\"><strong>Combien de temps cela prendra-t-il avant que je commence \u00e0 voir des r\u00e9sultats ?<\/strong><\/p>\n<p style=\"text-align: center;\">La plupart des utilisateurs commencent \u00e0 voir une r\u00e9duction des poils en seulement 2 ou 3 traitements avec notre appareil, avec des r\u00e9sultats complets apr\u00e8s 9 traitements. Cependant, les r\u00e9sultats peuvent varier d'une personne \u00e0 l'autre.<\/p>\n<p style=\"text-align: center;\"><strong>Combien d'ann\u00e9es ce produit va-t-il durer ?<\/strong><\/p>\n<p style=\"text-align: center;\">Les appareils DMADU\u2122 Advanced IPL ont une dur\u00e9e d'utilisation de 600 000 flashs, ce qui repr\u00e9sente une dur\u00e9e de vie de plus de 12 ans s'ils sont utilis\u00e9s conform\u00e9ment aux instructions.<\/p>\n<p style=\"text-align: center;\"><strong>Quels r\u00e9sultats puis-je attendre ?<\/strong><\/p>\n<p style=\"text-align: center;\">You will start seeing results pretty quickly \u2013 and after the first four treatments, long-lasting smoothness should be yours. Enjoy<strong>\u00a095% de r\u00e9duction des poils<\/strong> after just four treatments. After the first four treatments, you have up to <strong>8 semaines<\/strong>\u00a0d'absence d'\u00e9pilation. Les poils qui repoussent sont plus fins et plus doux.<\/p>\n<p style=\"text-align: center;\"><strong>Puis-je l'utiliser sur toutes les zones de mon corps ?<\/strong><\/p>\n<p style=\"text-align: center;\">\u00a0Vous pouvez utiliser le d'\u00e9pilateur DMADU\u2122 Advanced sur tout votre corps, y compris le visage (veillez simplement \u00e0 ne pas vous approcher trop pr\u00e8s de vos yeux).<\/p>\n<p style=\"text-align: center;\"><strong>Peut-on l'utiliser si l'on est enceinte ?<\/strong><\/p>\n<p style=\"text-align: center;\">Bien qu'il n'existe aucune preuve montrant que l'IPL a des effets n\u00e9gatifs sur les femmes enceintes ou allaitantes, nous vous recommandons tout de m\u00eame de ne pas utiliser notre appareil par pr\u00e9caution.<\/p>\n<p style=\"text-align: center;\"><strong>Quels sont les d\u00e9lais de livraison ?<\/strong><\/p>\n<div style=\"text-align: center;\">Your products will be delivered within 5 to 9 business days of your order if they are already in our local warehouse.<\/div>\n<div style=\"text-align: center;\"><\/div>\n<div style=\"text-align: center;\"><strong>L\u2019appareil est-il garanti ?\u00a0<\/strong><\/div>\n<div><\/div>\n<div style=\"text-align: center;\"><span style=\"color: #555555; font-size: 14.4px;\">L\u2019appareil d'\u00e9pilation DMADU\u2122 Advanced est garanti pour une p\u00e9riode de 12 mois \u00e0 compter de la date de r\u00e9ception. La garantie ne couvre pas ce qui suit et ne comprend pas : la perte, la mauvaise utilisation, l'accident, l'alt\u00e9ration, l'entretien, l'utilisation avec des accessoires non autoris\u00e9s et toute autre condition au-del\u00e0 de l'utilisation normale.<\/span><\/div>\n<div><\/div>\n<div style=\"text-align: center;\"><strong>Est-ce que \u00e7a marche pour toutes les types de pilosit\u00e9s?<\/strong><\/div>\n<div>\n<p style=\"text-align: center;\">Oui ! Notre appareil fonctionne sur l\u2019ensemble des pilosit\u00e9s. Si vos poils sont plus clairs, vous aurez peut-\u00eatre besoin de 1 ou 2 s\u00e9ances suppl\u00e9mentaires pour obtenir les m\u00eames r\u00e9sultats qu'une personne ayant des poils brun par exemple.<\/p>\n<p style=\"text-align: center;\"><strong>Quelle est la puissance de ce produit et quelle est la sortie d'\u00e9nergie ?<\/strong><\/p>\n<p style=\"text-align: center;\"><span style=\"color: #333333; font-size: 14.4px;\">Les combin\u00e9s DMADU\u2122Advanced ont une puissance de 4,9 J\/cm2, ce qui signifie qu'ils sont id\u00e9aux pour une \u00e9pilation s\u00fbre et qu'ils sont \u00e9galement approuv\u00e9s pour une utilisation efficace \u00e0 domicile.<\/span><\/p>\n<\/div>","protected":false},"excerpt":{"rendered":"<p>QUESTIONS AND ANSWERS How does DMADU\u2122 Advanced Hair Removal work? DMADU\u2122 Advanced Handset uses IPL (Intense Pulsed Light), which is a modern type of laser hair removal used for long-term, pain-free hair removal. When our Handset is used on your hair, it absorbs the IPL which then heats and destroys the targeted hair cells. Is [&#8230;]\n","protected":false},"author":1,"featured_media":0,"parent":0,"menu_order":0,"comment_status":"closed","ping_status":"closed","template":"","meta":{"footnotes":""},"class_list":["post-365","page","type-page","status-publish","hentry"],"aioseo_notices":[],"_links":{"self":[{"href":"https:\/\/dmadu.com\/fr\/wp-json\/wp\/v2\/pages\/365","targetHints":{"allow":["GET"]}}],"collection":[{"href":"https:\/\/dmadu.com\/fr\/wp-json\/wp\/v2\/pages"}],"about":[{"href":"https:\/\/dmadu.com\/fr\/wp-json\/wp\/v2\/types\/page"}],"author":[{"embeddable":true,"href":"https:\/\/dmadu.com\/fr\/wp-json\/wp\/v2\/users\/1"}],"replies":[{"embeddable":true,"href":"https:\/\/dmadu.com\/fr\/wp-json\/wp\/v2\/comments?post=365"}],"version-history":[{"count":0,"href":"https:\/\/dmadu.com\/fr\/wp-json\/wp\/v2\/pages\/365\/revisions"}],"wp:attachment":[{"href":"https:\/\/dmadu.com\/fr\/wp-json\/wp\/v2\/media?parent=365"}],"curies":[{"name":"wp","href":"https:\/\/api.w.org\/{rel}","templated":true}]}}