{"id":2872,"date":"2022-12-07T15:20:01","date_gmt":"2022-12-07T15:20:01","guid":{"rendered":"https:\/\/dmadu.com\/?post_type=product&#038;p=2872"},"modified":"2025-09-27T07:27:22","modified_gmt":"2025-09-27T07:27:22","slug":"1-million-flash-digital-laser-hair-removal","status":"publish","type":"product","link":"https:\/\/dmadu.com\/fr\/produit\/1-million-flash-digital-laser-hair-removal\/","title":{"rendered":"\u00c9pilateur laser num\u00e9rique 1 million de flashs"},"content":{"rendered":"<div data-elementor-type=\"wp-post\" data-elementor-id=\"2872\" class=\"elementor elementor-2872\">\n\t\t\t\t\t\t<section class=\"elementor-section elementor-top-section elementor-element elementor-element-703f0eab elementor-section-boxed elementor-section-height-default elementor-section-height-default\" data-id=\"703f0eab\" data-element_type=\"section\" data-e-type=\"section\">\n\t\t\t\t\t\t<div class=\"elementor-container elementor-column-gap-default\">\n\t\t\t\t\t<div class=\"elementor-column elementor-col-100 elementor-top-column elementor-element elementor-element-4bce21e5\" data-id=\"4bce21e5\" data-element_type=\"column\" data-e-type=\"column\">\n\t\t\t<div class=\"elementor-widget-wrap elementor-element-populated\">\n\t\t\t\t\t\t<div class=\"elementor-element elementor-element-70c1b1c8 elementor-widget elementor-widget-text-editor\" data-id=\"70c1b1c8\" data-element_type=\"widget\" data-e-type=\"widget\" data-widget_type=\"text-editor.default\">\n\t\t\t\t<div class=\"elementor-widget-container\">\n\t\t\t\t\t\t\t\t\t<h2>Discover the advantages of the Million Flash digital device<\/h2><p class=\"translation-block\">L'\u00e9pilateur laser DMADU IPL est de haute qualit\u00e9, c\u2019est un appareil d'\u00e9pilation utilisable \u00e0 votre domicile. \nCelui-ci est indolore, il est meilleur que la cire ou le rasage et il est doux pour votre peau.\nFaites l'exp\u00e9rience de la meilleure \u00e9pilation laser \u00e0 domicile avec notre nouveau produit !<\/p><h3><span style=\"background-color: #00ff00;\"><strong>Cibler les poils avant qu'ils ne poussent<\/strong><\/span><\/h3><p class=\"translation-block\">Le laser num\u00e9rique rompt le cycle de croissance du poil en ciblant la m\u00e9lanine dans le follicule et arr\u00eate la croissance \u00e0 la racine. Avec une utilisation r\u00e9guli\u00e8re, la croissance des poils ralentit et devient moins grossi\u00e8re. Le r\u00e9sultat est une peau durable, lisse et soyeuse.<\/p><h3><span style=\"background-color: #00ff00;\"><strong>Utilisable sur tout le corps<\/strong><\/span><\/h3><p class=\"translation-block\">Cet \u00e9pilateur laser est polyvalent, il peut \u00eatre utilis\u00e9 sur le visage, le maillot, le dos, les jambes, et m\u00eame sur les zones sensibles comme la l\u00e8vre sup\u00e9rieure. Cet outil pratique et utile prend soin de l\u2019ensemble de votre corps !<\/p><h3><span style=\"background-color: #00ff00;\"><strong>Une \u00e9pilation sans douleur<\/strong><\/span><\/h3><p class=\"translation-block\">Dites adieu \u00e0 la cire douloureuse et aux poils incarn\u00e9s du rasage ! Notre \u00e9pilateur laser est indolore et facile \u00e0 utiliser, vous ne ressentirez qu'une l\u00e9g\u00e8re chaleur sur votre peau lorsque vous allez d\u00e9placer doucement l'appareil le long de votre corps. \nAtt\u00e9nuer l'apparence des imperfections de la peau avec notre produit.\nCe laser IPL n'\u00e9limine pas seulement les poils, il att\u00e9nue \u00e9galement l'apparence des \u00e9l\u00e9ments suivants : Rides, cicatrices, taches solaires ainsi que les imperfections. Obtenez une peau impeccable avec un seul outil.<\/p><h3><span style=\"background-color: #00ff00;\"><strong>Un d\u00e9sign ergonomique<\/strong><\/span><\/h3><p class=\"translation-block\">Notre appareil de rasage de haute qualit\u00e9 est facile \u00e0 tenir et \u00e0 man\u0153uvrer autour de votre corps. Le large capuchon permet \u00e9galement d'\u00e9piler rapidement et sans douleur en\nconcentrant la lumi\u00e8re l\u00e0 o\u00f9 vous le souhaitez.<\/p><h3><span style=\"background-color: #00ff00;\"><strong>Une \u00c9pilation pratique \u00e0 domicile<\/strong><\/span><\/h3><p class=\"translation-block\">Cet outil d'\u00e9pilation est extr\u00eamement rentable ! Il peut \u00eatre utilis\u00e9 facilement dans propre maison. Vous n\u2019allez plus avoir besoin de d\u00e9penser des sommes astronomiques au salon ! Ce petit appareil d'\u00e9pilation peut facilement \u00eatre emport\u00e9 lors de vos d\u00e9placements ou vos voyages.<\/p><h3><span style=\"background-color: #00ff00;\"><strong>Un outil de haute qualit\u00e9<\/strong><\/span><\/h3><p class=\"translation-block\">Profitez de la derni\u00e8re technologie avec cet appareil, dot\u00e9 d'un \u00e9cran LCD et de deux modes. Vous pouvez \u00e9galement choisir parmi 5 niveaux d'\u00e9nergie, en fonction de votre tol\u00e9rance \u00e0 la douleur et de vos besoins en mati\u00e8re d'\u00e9pilation. Les niveaux d'\u00e9nergie \u00e9lev\u00e9s conviennent mieux aux poils \u00e9pais tandis que les niveaux d'\u00e9nergie inf\u00e9rieurs sont plus confortables et peuvent \u00eatre utilis\u00e9s sur des zones plus sensibles.\nAchetez l'\u00e9pilateur laser \u00e0 lumi\u00e8re puls\u00e9e DMADU d\u00e8s aujourd'hui pour obtenir une \u00e9pilation sans douleur et pratique.<\/p>\t\t\t\t\t\t\t\t<\/div>\n\t\t\t\t<\/div>\n\t\t\t\t<div class=\"elementor-element elementor-element-b840e4f elementor-widget elementor-widget-shortcode\" data-id=\"b840e4f\" data-element_type=\"widget\" data-e-type=\"widget\" data-widget_type=\"shortcode.default\">\n\t\t\t\t<div class=\"elementor-widget-container\">\n\t\t\t\t\t\t\t<div class=\"elementor-shortcode\"><div id=\"stamped-main-widget\" class=\"stamped stamped-main-widget\"  data-product-id=\"2872\" data-product-sku=\"\" data-name=\"1 Million Flash Digital Laser Hair Removal\" data-url=\"https:\/\/dmadu.com\/fr\/produit\/1-million-flash-digital-laser-hair-removal\/\" data-image-url=\"https:\/\/cdn.dmadu.com\/wp-content\/uploads\/2022\/12\/dmadu-digital-handset.jpeg\" data-widget-language=\"\"><\/div><\/div>\n\t\t\t\t\t\t<\/div>\n\t\t\t\t<\/div>\n\t\t\t\t\t<\/div>\n\t\t<\/div>\n\t\t\t\t\t<\/div>\n\t\t<\/section>\n\t\t\t\t<\/div>","protected":false},"excerpt":{"rendered":"<p><img decoding=\"async\" class=\"alignnone size-medium wp-image-1575\" src=\"https:\/\/dmadu.com\/wp-content\/uploads\/2021\/12\/858-300x101.jpg\" alt=\"\" width=\"300\" height=\"101\" \/><\/p>\n<p><img decoding=\"async\" class=\"alignnone size-medium wp-image-1570\" src=\"https:\/\/dmadu.com\/wp-content\/uploads\/2021\/12\/7-300x101.png\" alt=\"\" width=\"300\" height=\"101\" srcset=\"https:\/\/cdn.dmadu.com\/wp-content\/uploads\/2021\/12\/7-300x101.png 300w, https:\/\/cdn.dmadu.com\/wp-content\/uploads\/2021\/12\/7.png 387w\" sizes=\"(max-width: 300px) 100vw, 300px\" \/><\/p>","protected":false},"featured_media":2987,"comment_status":"open","ping_status":"closed","template":"","meta":[],"product_brand":[],"product_cat":[29],"product_tag":[],"class_list":{"0":"post-2872","1":"product","2":"type-product","3":"status-publish","4":"has-post-thumbnail","6":"product_cat-dmadu","8":"first","9":"instock","10":"sale","11":"shipping-taxable","12":"purchasable","13":"product-type-simple"},"aioseo_notices":[],"_links":{"self":[{"href":"https:\/\/dmadu.com\/fr\/wp-json\/wp\/v2\/product\/2872","targetHints":{"allow":["GET"]}}],"collection":[{"href":"https:\/\/dmadu.com\/fr\/wp-json\/wp\/v2\/product"}],"about":[{"href":"https:\/\/dmadu.com\/fr\/wp-json\/wp\/v2\/types\/product"}],"replies":[{"embeddable":true,"href":"https:\/\/dmadu.com\/fr\/wp-json\/wp\/v2\/comments?post=2872"}],"version-history":[{"count":4,"href":"https:\/\/dmadu.com\/fr\/wp-json\/wp\/v2\/product\/2872\/revisions"}],"predecessor-version":[{"id":8075,"href":"https:\/\/dmadu.com\/fr\/wp-json\/wp\/v2\/product\/2872\/revisions\/8075"}],"wp:featuredmedia":[{"embeddable":true,"href":"https:\/\/dmadu.com\/fr\/wp-json\/wp\/v2\/media\/2987"}],"wp:attachment":[{"href":"https:\/\/dmadu.com\/fr\/wp-json\/wp\/v2\/media?parent=2872"}],"wp:term":[{"taxonomy":"product_brand","embeddable":true,"href":"https:\/\/dmadu.com\/fr\/wp-json\/wp\/v2\/product_brand?post=2872"},{"taxonomy":"product_cat","embeddable":true,"href":"https:\/\/dmadu.com\/fr\/wp-json\/wp\/v2\/product_cat?post=2872"},{"taxonomy":"product_tag","embeddable":true,"href":"https:\/\/dmadu.com\/fr\/wp-json\/wp\/v2\/product_tag?post=2872"}],"curies":[{"name":"wp","href":"https:\/\/api.w.org\/{rel}","templated":true}]}}