{"id":3319,"date":"2022-12-14T15:00:50","date_gmt":"2022-12-14T15:00:50","guid":{"rendered":"https:\/\/dmadu.com\/?post_type=product&#038;p=3319"},"modified":"2024-01-23T12:34:13","modified_gmt":"2024-01-23T12:34:13","slug":"dmadu-menstrual-heating-pad-belt-for-period-pain-relief","status":"publish","type":"product","link":"https:\/\/dmadu.com\/fr\/produit\/dmadu-menstrual-heating-pad-belt-for-period-pain-relief\/","title":{"rendered":"DMADU Ceinture chauffante pour menstruations afin de soulager les douleurs menstruelles"},"content":{"rendered":"<div data-elementor-type=\"wp-post\" data-elementor-id=\"3319\" class=\"elementor elementor-3319\">\n\t\t\t\t\t\t<section class=\"elementor-section elementor-top-section elementor-element elementor-element-d94d0ad elementor-section-boxed elementor-section-height-default elementor-section-height-default\" data-id=\"d94d0ad\" data-element_type=\"section\" data-e-type=\"section\">\n\t\t\t\t\t\t<div class=\"elementor-container elementor-column-gap-default\">\n\t\t\t\t\t<div class=\"elementor-column elementor-col-100 elementor-top-column elementor-element elementor-element-787b651\" data-id=\"787b651\" data-element_type=\"column\" data-e-type=\"column\">\n\t\t\t<div class=\"elementor-widget-wrap elementor-element-populated\">\n\t\t\t\t\t\t<section class=\"elementor-section elementor-inner-section elementor-element elementor-element-dc3d08a elementor-section-boxed elementor-section-height-default elementor-section-height-default\" data-id=\"dc3d08a\" data-element_type=\"section\" data-e-type=\"section\">\n\t\t\t\t\t\t<div class=\"elementor-container elementor-column-gap-default\">\n\t\t\t\t\t<div class=\"elementor-column elementor-col-50 elementor-inner-column elementor-element elementor-element-05b1ec4\" data-id=\"05b1ec4\" data-element_type=\"column\" data-e-type=\"column\">\n\t\t\t<div class=\"elementor-widget-wrap elementor-element-populated\">\n\t\t\t\t\t\t<div class=\"elementor-element elementor-element-b586343 elementor-widget elementor-widget-text-editor\" data-id=\"b586343\" data-element_type=\"widget\" data-e-type=\"widget\" data-widget_type=\"text-editor.default\">\n\t\t\t\t<div class=\"elementor-widget-container\">\n\t\t\t\t\t\t\t\t\t<p><span style=\"font-size: 110%; color: #282828;\"><strong>IL EST GRAND TEMPS D'ARR\u00caTER LES DOULEURS DE VOS R\u00c8GLES !<\/strong><\/span><\/p><p><span style=\"font-size: 110%; color: #282828;\">Elles arrivent toujours au pire moment !<\/span><\/p><p><span style=\"font-size: 110%; color: #282828;\"><strong>Siamo tutti d\u2019accordo sul fatto che i crampi mestruali non sono un ospite gradito, di sicuro non sono sulla lista dei desideri di Natale di nessuno! Non desideri un modo per sbarazzarti di questi crampi e sbrigare le tue facendo giornaliere senza alcun fastidio?<\/strong><\/span><\/p><p><span style=\"font-size: 110%; color: #282828;\">Si c'est le cas, la ceinture chauffante menstruelle de DMADU est l\u00e0 pour vous !<\/span><\/p>\t\t\t\t\t\t\t\t<\/div>\n\t\t\t\t<\/div>\n\t\t\t\t\t<\/div>\n\t\t<\/div>\n\t\t\t\t<div class=\"elementor-column elementor-col-50 elementor-inner-column elementor-element elementor-element-a6f21ee\" data-id=\"a6f21ee\" data-element_type=\"column\" data-e-type=\"column\">\n\t\t\t<div class=\"elementor-widget-wrap elementor-element-populated\">\n\t\t\t\t\t\t<div class=\"elementor-element elementor-element-c41148b elementor-widget elementor-widget-text-editor\" data-id=\"c41148b\" data-element_type=\"widget\" data-e-type=\"widget\" data-widget_type=\"text-editor.default\">\n\t\t\t\t<div class=\"elementor-widget-container\">\n\t\t\t\t\t\t\t\t\t<p><a href=\"https:\/\/dmadu.com\/wp-content\/uploads\/2022\/12\/1-11.png\"><img fetchpriority=\"high\" decoding=\"async\" class=\"aligncenter wp-image-3356\" src=\"https:\/\/dmadu.com\/wp-content\/uploads\/2022\/12\/1-11-300x300.png\" alt=\"\" width=\"350\" height=\"350\" srcset=\"https:\/\/cdn.dmadu.com\/wp-content\/uploads\/2022\/12\/1-11-300x300.png 300w, https:\/\/cdn.dmadu.com\/wp-content\/uploads\/2022\/12\/1-11-100x100.png 100w, https:\/\/cdn.dmadu.com\/wp-content\/uploads\/2022\/12\/1-11-510x510.png 510w, https:\/\/cdn.dmadu.com\/wp-content\/uploads\/2022\/12\/1-11-150x150.png 150w, https:\/\/cdn.dmadu.com\/wp-content\/uploads\/2022\/12\/1-11-768x768.png 768w, https:\/\/cdn.dmadu.com\/wp-content\/uploads\/2022\/12\/1-11-12x12.png 12w, https:\/\/cdn.dmadu.com\/wp-content\/uploads\/2022\/12\/1-11.png 960w\" sizes=\"(max-width: 350px) 100vw, 350px\" \/><\/a><\/p>\t\t\t\t\t\t\t\t<\/div>\n\t\t\t\t<\/div>\n\t\t\t\t\t<\/div>\n\t\t<\/div>\n\t\t\t\t\t<\/div>\n\t\t<\/section>\n\t\t\t\t<div class=\"elementor-element elementor-element-8143e8c elementor-alert-success elementor-widget__width-inherit elementor-widget elementor-widget-alert\" data-id=\"8143e8c\" data-element_type=\"widget\" data-e-type=\"widget\" data-widget_type=\"alert.default\">\n\t\t\t\t<div class=\"elementor-widget-container\">\n\t\t\t\t\t\t\t<div class=\"elementor-alert\" role=\"alert\">\n\n\t\t\t\t\t\t<span class=\"elementor-alert-title\">Qu'est-ce qui fait de la ceinture chauffante menstruelle DMADU un objet indispensable pour les femmes ?<\/span>\n\t\t\t\n\t\t\t\n\t\t\t\n\t\t<\/div>\n\t\t\t\t\t\t<\/div>\n\t\t\t\t<\/div>\n\t\t\t\t<section class=\"elementor-section elementor-inner-section elementor-element elementor-element-a6ba446 elementor-section-boxed elementor-section-height-default elementor-section-height-default\" data-id=\"a6ba446\" data-element_type=\"section\" data-e-type=\"section\">\n\t\t\t\t\t\t<div class=\"elementor-container elementor-column-gap-default\">\n\t\t\t\t\t<div class=\"elementor-column elementor-col-100 elementor-inner-column elementor-element elementor-element-51f05bf\" data-id=\"51f05bf\" data-element_type=\"column\" data-e-type=\"column\">\n\t\t\t<div class=\"elementor-widget-wrap elementor-element-populated\">\n\t\t\t\t\t\t<div class=\"elementor-element elementor-element-eede373 elementor-widget elementor-widget-text-editor\" data-id=\"eede373\" data-element_type=\"widget\" data-e-type=\"widget\" data-widget_type=\"text-editor.default\">\n\t\t\t\t<div class=\"elementor-widget-container\">\n\t\t\t\t\t\t\t\t\t<p><span style=\"font-size: 110%; color: #282828;\"><strong><span style=\"background-color: #00ff00;\"><br \/><\/span><span style=\"background-color: #e8d5b7;\">1- Soulagez vos crampes<\/span><\/strong> - Soulagez rapidement l'inconfort de vos crampes menstruelles avec la ceinture p\u00e9riodique DMADU ! Elle utilise une technologie innovante et s\u00fbre de chauffage au graph\u00e8ne qui fournit une chaleur chaude exactement l\u00e0 o\u00f9 vous en avez besoin avec un chauffage rapide en seulement 5 secondes ! Tout cela pour vous vivre votre vie de la meilleure mani\u00e8re et en meilleure sant\u00e9 !<br \/><\/span><\/p><p><span style=\"font-size: 110%; color: #282828;\"><span style=\"background-color: #e8d5b7;\"><strong>2- SOINS PERSONNALIS\u00c9S<\/strong><\/span> - Avec des param\u00e8tres enti\u00e8rement r\u00e9glables, ce coussin chauffant pour les douleurs de r\u00e8gles est tout \u00e0 fait adapt\u00e9 \u00e0 vous. Choisissez entre 3 niveaux de chaleur (40, 50, 60\u00b0C) et 3 niveaux de vibration (faible, moyen, fort) pour obtenir un confort c\u00e2lin digne du paradis pendant votre cycle.<\/span><\/p><p><span style=\"color: #282828;\"><a style=\"color: #282828;\" href=\"https:\/\/dmadu.com\/wp-content\/uploads\/2022\/12\/1-1.png\"><img decoding=\"async\" class=\"aligncenter wp-image-3344 size-full\" src=\"https:\/\/dmadu.com\/wp-content\/uploads\/2022\/12\/1-1.png\" alt=\"\" width=\"960\" height=\"960\" srcset=\"https:\/\/cdn.dmadu.com\/wp-content\/uploads\/2022\/12\/1-1.png 960w, https:\/\/cdn.dmadu.com\/wp-content\/uploads\/2022\/12\/1-1-100x100.png 100w, https:\/\/cdn.dmadu.com\/wp-content\/uploads\/2022\/12\/1-1-510x510.png 510w, https:\/\/cdn.dmadu.com\/wp-content\/uploads\/2022\/12\/1-1-300x300.png 300w, https:\/\/cdn.dmadu.com\/wp-content\/uploads\/2022\/12\/1-1-150x150.png 150w, https:\/\/cdn.dmadu.com\/wp-content\/uploads\/2022\/12\/1-1-768x768.png 768w, https:\/\/cdn.dmadu.com\/wp-content\/uploads\/2022\/12\/1-1-12x12.png 12w\" sizes=\"(max-width: 960px) 100vw, 960px\" \/><\/a><\/span><\/p>\t\t\t\t\t\t\t\t<\/div>\n\t\t\t\t<\/div>\n\t\t\t\t\t<\/div>\n\t\t<\/div>\n\t\t\t\t\t<\/div>\n\t\t<\/section>\n\t\t\t\t<section class=\"elementor-section elementor-inner-section elementor-element elementor-element-00bc974 elementor-section-boxed elementor-section-height-default elementor-section-height-default\" data-id=\"00bc974\" data-element_type=\"section\" data-e-type=\"section\">\n\t\t\t\t\t\t<div class=\"elementor-container elementor-column-gap-default\">\n\t\t\t\t\t<div class=\"elementor-column elementor-col-100 elementor-inner-column elementor-element elementor-element-fa5c88b\" data-id=\"fa5c88b\" data-element_type=\"column\" data-e-type=\"column\">\n\t\t\t<div class=\"elementor-widget-wrap elementor-element-populated\">\n\t\t\t\t\t\t<div class=\"elementor-element elementor-element-a7bf111 elementor-widget elementor-widget-text-editor\" data-id=\"a7bf111\" data-element_type=\"widget\" data-e-type=\"widget\" data-widget_type=\"text-editor.default\">\n\t\t\t\t<div class=\"elementor-widget-container\">\n\t\t\t\t\t\t\t\t\t<p><span style=\"font-size: 110%; color: #282828;\"><span style=\"background-color: #e8d5b7;\"><strong>3- FACILE \u00c0 UTILISER<\/strong> <\/span>- Obtenir un soulagement rapide et efficace de votre inconfort menstruel n'a jamais \u00e9t\u00e9 aussi facile ! Il suffit d'appliquer le coussin chauffant sur la zone affect\u00e9e, de r\u00e9gler les param\u00e8tres facilement \u00e0 l'aide de l'interface tactile et d'exp\u00e9rimenter un confort chaud, moelleux et sans crampes.<\/span><\/p><p><span style=\"font-size: 110%; color: #282828;\"><span style=\"background-color: #e8d5b7;\"><strong>4- UN CADEAU PARFAIT<\/strong> <\/span>- Montrez \u00e0 un \u00eatre cher ou un partenaire \u00e0 quel point vous vous souciez de lui avec nos coussins chauffants pour le soulagement des douleurs menstruelles ! Id\u00e9ale pour No\u00ebl, les anniversaires, la Saint-Valentin et plus encore, cette ceinture de coussinets menstruels est disponible en rose ou en blanc pour s'adapter \u00e0 leur style lorsqu'ils sont en d\u00e9placement, au travail, en voyage ou n\u2019importe quel autre endoit !<\/span><\/p><p><span style=\"font-size: 110%; color: #282828;\"><span style=\"background-color: #e8d5b7;\"><strong>5- SATISFACTION GARANTIE<\/strong><\/span> - Nous sommes tellement s\u00fbrs que vous allez adorer nos coussins chauffants pour crampes menstruelles que nous les soutenons avec notre propre promesse sp\u00e9ciale ; Si vous n'\u00eates pas ravie - pour quelque raison que ce soit - il vous suffit de retourner votre masseur pour crampes menstruelles dans les 90 jours pour un remboursement complet ou un remplacement gratuit.<\/span><\/p><p><span style=\"color: #282828;\"><a style=\"color: #282828;\" href=\"https:\/\/dmadu.com\/wp-content\/uploads\/2022\/12\/1-9.png\"><img decoding=\"async\" class=\"aligncenter wp-image-3345 size-full\" src=\"https:\/\/dmadu.com\/wp-content\/uploads\/2022\/12\/1-9.png\" alt=\"\" width=\"960\" height=\"960\" srcset=\"https:\/\/cdn.dmadu.com\/wp-content\/uploads\/2022\/12\/1-9.png 960w, https:\/\/cdn.dmadu.com\/wp-content\/uploads\/2022\/12\/1-9-100x100.png 100w, https:\/\/cdn.dmadu.com\/wp-content\/uploads\/2022\/12\/1-9-510x510.png 510w, https:\/\/cdn.dmadu.com\/wp-content\/uploads\/2022\/12\/1-9-300x300.png 300w, https:\/\/cdn.dmadu.com\/wp-content\/uploads\/2022\/12\/1-9-150x150.png 150w, https:\/\/cdn.dmadu.com\/wp-content\/uploads\/2022\/12\/1-9-768x768.png 768w, https:\/\/cdn.dmadu.com\/wp-content\/uploads\/2022\/12\/1-9-12x12.png 12w\" sizes=\"(max-width: 960px) 100vw, 960px\" \/><\/a><\/span><\/p>\t\t\t\t\t\t\t\t<\/div>\n\t\t\t\t<\/div>\n\t\t\t\t\t<\/div>\n\t\t<\/div>\n\t\t\t\t\t<\/div>\n\t\t<\/section>\n\t\t\t\t\t<\/div>\n\t\t<\/div>\n\t\t\t\t\t<\/div>\n\t\t<\/section>\n\t\t\t\t<section class=\"elementor-section elementor-top-section elementor-element elementor-element-2fee9b6 elementor-section-boxed elementor-section-height-default elementor-section-height-default\" data-id=\"2fee9b6\" data-element_type=\"section\" data-e-type=\"section\">\n\t\t\t\t\t\t<div class=\"elementor-container elementor-column-gap-default\">\n\t\t\t\t\t<div class=\"elementor-column elementor-col-100 elementor-top-column elementor-element elementor-element-58ff761\" data-id=\"58ff761\" data-element_type=\"column\" data-e-type=\"column\">\n\t\t\t<div class=\"elementor-widget-wrap elementor-element-populated\">\n\t\t\t\t\t\t\t<\/div>\n\t\t<\/div>\n\t\t\t\t\t<\/div>\n\t\t<\/section>\n\t\t\t\t<section class=\"elementor-section elementor-top-section elementor-element elementor-element-92469a8 elementor-section-boxed elementor-section-height-default elementor-section-height-default\" data-id=\"92469a8\" data-element_type=\"section\" data-e-type=\"section\">\n\t\t\t\t\t\t<div class=\"elementor-container elementor-column-gap-default\">\n\t\t\t\t\t<div class=\"elementor-column elementor-col-100 elementor-top-column elementor-element elementor-element-98739d4\" data-id=\"98739d4\" data-element_type=\"column\" data-e-type=\"column\">\n\t\t\t<div class=\"elementor-widget-wrap elementor-element-populated\">\n\t\t\t\t\t\t<div class=\"elementor-element elementor-element-e18419d elementor-widget elementor-widget-text-editor\" data-id=\"e18419d\" data-element_type=\"widget\" data-e-type=\"widget\" data-widget_type=\"text-editor.default\">\n\t\t\t\t<div class=\"elementor-widget-container\">\n\t\t\t\t\t\t\t\t\t<p><span style=\"font-size: 110%; color: #282828; background-color: #e8d5b7;\"><strong>6- Agit rapidement<\/strong><\/span><\/p><p><span style=\"font-size: 110%; color: #282828;\">Procure un soulagement rapide et efficace des crampes menstruelles et autres douleurs gr\u00e2ce au chauffage int\u00e9gr\u00e9 au graph\u00e8ne. En quelques secondes seulement, vous pouvez ressentir une chaleur agr\u00e9able, semblable \u00e0 un c\u00e2lin, directement l\u00e0 o\u00f9 vous vous sentez mal. Tout ce que vous avez \u00e0 faire est de choisir un niveau de chaleur qui n'est ni trop chaud, ni trop froid, mais juste ce qu'il faut !<\/span><\/p><p><span style=\"font-size: 110%; background-color: #e8d5b7; color: #282828;\"><strong>7- Confort sup\u00e9rieur<\/strong><\/span><\/p><p><span style=\"font-size: 110%; color: #282828;\">Fabriqu\u00e9 avec soin \u00e0 partir d'un tissu velout\u00e9 magnifiquement doux et respirant, il vous permet de retrouver votre confort en toute d\u00e9licatesse ! Le design ergonomique en forme d'arc s'adapte doucement \u00e0 la courbure de votre corps, vous ramenant \u00e0 une forme de combat et pr\u00eate \u00e0 affronter la vie, m\u00eame les pires jours de crampes menstruelles !<\/span><\/p><p><span style=\"font-size: 110%; background-color: #e8d5b7; color: #282828;\"><strong>8- Soyez la ma\u00eetresse de vos douleurs<\/strong><\/span><\/p><p><span style=\"font-size: 110%; color: #282828;\">Notre ceinture de coussin chauffant menstruel vous donne le contr\u00f4le de vos crampes menstruelles ! La ceinture est enti\u00e8rement r\u00e9glable jusqu'\u00e0 50 pouces pour s'adapter \u00e0 toutes les formes et toutes les tailles, tandis que les param\u00e8tres de vibration et de chaleur personnalisables r\u00e9pondent \u00e0 vos besoins variables tout au long de votre cycle.<\/span><\/p><p><span style=\"color: #282828;\"><a style=\"color: #282828;\" href=\"https:\/\/dmadu.com\/wp-content\/uploads\/2022\/12\/1-12.png\"><img loading=\"lazy\" decoding=\"async\" class=\"aligncenter wp-image-3346 size-full\" src=\"https:\/\/dmadu.com\/wp-content\/uploads\/2022\/12\/1-12.png\" alt=\"\" width=\"960\" height=\"960\" srcset=\"https:\/\/cdn.dmadu.com\/wp-content\/uploads\/2022\/12\/1-12.png 960w, https:\/\/cdn.dmadu.com\/wp-content\/uploads\/2022\/12\/1-12-100x100.png 100w, https:\/\/cdn.dmadu.com\/wp-content\/uploads\/2022\/12\/1-12-510x510.png 510w, https:\/\/cdn.dmadu.com\/wp-content\/uploads\/2022\/12\/1-12-300x300.png 300w, https:\/\/cdn.dmadu.com\/wp-content\/uploads\/2022\/12\/1-12-150x150.png 150w, https:\/\/cdn.dmadu.com\/wp-content\/uploads\/2022\/12\/1-12-768x768.png 768w, https:\/\/cdn.dmadu.com\/wp-content\/uploads\/2022\/12\/1-12-12x12.png 12w\" sizes=\"(max-width: 960px) 100vw, 960px\" \/><\/a><\/span><\/p>\t\t\t\t\t\t\t\t<\/div>\n\t\t\t\t<\/div>\n\t\t\t\t<section class=\"elementor-section elementor-inner-section elementor-element elementor-element-0133e74 elementor-section-boxed elementor-section-height-default elementor-section-height-default\" data-id=\"0133e74\" data-element_type=\"section\" data-e-type=\"section\">\n\t\t\t\t\t\t<div class=\"elementor-container elementor-column-gap-default\">\n\t\t\t\t\t<div class=\"elementor-column elementor-col-100 elementor-inner-column elementor-element elementor-element-be176cf\" data-id=\"be176cf\" data-element_type=\"column\" data-e-type=\"column\">\n\t\t\t<div class=\"elementor-widget-wrap elementor-element-populated\">\n\t\t\t\t\t\t<div class=\"elementor-element elementor-element-6813ee0 elementor-widget elementor-widget-text-editor\" data-id=\"6813ee0\" data-element_type=\"widget\" data-e-type=\"widget\" data-widget_type=\"text-editor.default\">\n\t\t\t\t<div class=\"elementor-widget-container\">\n\t\t\t\t\t\t\t\t\t<p><span style=\"font-size: 110%; color: #282828;\"><strong>La ceinture chauffante menstruelle DMADU est GARANTIE pour vous d\u00e9barrasser de tous vos soucis de crampes menstruelles.<\/strong><\/span><\/p><p><span style=\"font-size: 110%; color: #282828;\">- Petit, \u00e9l\u00e9gant et portable<\/span><\/p><p><span style=\"font-size: 110%; color: #282828;\">- Utilise la technologie avanc\u00e9e du graph\u00e8ne.<\/span><\/p><p><span style=\"font-size: 110%; color: #282828;\">- Rigoureusement test\u00e9e et s\u00fbre, elle peut \u00eatre utilis\u00e9e.<\/span><\/p><p><span style=\"font-size: 110%; color: #282828;\">- Convient \u00e0 une utilisation nomade et se glisse facilement dans les bagages.<\/span><\/p><p><span style=\"font-size: 110%; color: #282828;\">- Diff\u00e9rentes colories blanc ou rose<\/span><\/p><p><span style=\"font-size: 110%; color: #282828;\">- Se r\u00e9chauffe en seulement 5 secondes<\/span><\/p><p><span style=\"font-size: 110%; color: #282828;\">- 3 niveaux de chaleur et de vibration pour r\u00e9pondre \u00e0 vos besoins pr\u00e9cis<\/span><\/p><p><span style=\"font-size: 110%; color: #282828;\">- Chargement par USB<\/span><\/p><p><span style=\"color: #282828;\"><a style=\"color: #282828;\" href=\"https:\/\/dmadu.com\/wp-content\/uploads\/2022\/12\/1-2-1.png\"><img loading=\"lazy\" decoding=\"async\" class=\"aligncenter wp-image-3352 size-full\" src=\"https:\/\/dmadu.com\/wp-content\/uploads\/2022\/12\/1-2-1.png\" alt=\"\" width=\"960\" height=\"960\" srcset=\"https:\/\/cdn.dmadu.com\/wp-content\/uploads\/2022\/12\/1-2-1.png 960w, https:\/\/cdn.dmadu.com\/wp-content\/uploads\/2022\/12\/1-2-1-100x100.png 100w, https:\/\/cdn.dmadu.com\/wp-content\/uploads\/2022\/12\/1-2-1-510x510.png 510w, https:\/\/cdn.dmadu.com\/wp-content\/uploads\/2022\/12\/1-2-1-300x300.png 300w, https:\/\/cdn.dmadu.com\/wp-content\/uploads\/2022\/12\/1-2-1-150x150.png 150w, https:\/\/cdn.dmadu.com\/wp-content\/uploads\/2022\/12\/1-2-1-768x768.png 768w, https:\/\/cdn.dmadu.com\/wp-content\/uploads\/2022\/12\/1-2-1-12x12.png 12w\" sizes=\"(max-width: 960px) 100vw, 960px\" \/><\/a><\/span><\/p>\t\t\t\t\t\t\t\t<\/div>\n\t\t\t\t<\/div>\n\t\t\t\t\t<\/div>\n\t\t<\/div>\n\t\t\t\t\t<\/div>\n\t\t<\/section>\n\t\t\t\t<div class=\"elementor-element elementor-element-947b43c elementor-widget elementor-widget-text-editor\" data-id=\"947b43c\" data-element_type=\"widget\" data-e-type=\"widget\" data-widget_type=\"text-editor.default\">\n\t\t\t\t<div class=\"elementor-widget-container\">\n\t\t\t\t\t\t\t\t\t<h4 style=\"text-align: center;\"><span style=\"font-size: 110%; color: #282828;\"><strong>La promesse de DMADU : VOTRE SATISFACTION<\/strong><\/span><\/h4><p style=\"text-align: center;\"><span style=\"color: #282828;\"><strong><span style=\"font-size: 110%;\">Si notre ceinture chauffante menstruelle ne vous a pas aid\u00e9 \u00e0 surmonter vos r\u00e8gles, contactez-nous pour demander votre remboursement dans les 90 jours.<\/span><\/strong><\/span><\/p><h4 style=\"text-align: center;\"><span style=\"font-size: 110%; color: #282828;\"><strong>Rendez vos prochaines r\u00e8gles beaucoup plus confortables !<\/strong><\/span><\/h4><p style=\"text-align: center;\"><span style=\"color: #282828;\"><strong><span style=\"font-size: 110%; background-color: #e8d5b7;\">Ajoutez ce produit \u00e0 votre panier avant qu'il ne soit \u00e9puis\u00e9 !<\/span><\/strong><\/span><\/p>\t\t\t\t\t\t\t\t<\/div>\n\t\t\t\t<\/div>\n\t\t\t\t<div class=\"elementor-element elementor-element-ef8771e elementor-widget elementor-widget-shortcode\" data-id=\"ef8771e\" data-element_type=\"widget\" data-e-type=\"widget\" data-widget_type=\"shortcode.default\">\n\t\t\t\t<div class=\"elementor-widget-container\">\n\t\t\t\t\t\t\t<div class=\"elementor-shortcode\"><div id=\"stamped-main-widget\" class=\"stamped stamped-main-widget\"  data-product-id=\"3319\" data-product-sku=\"\" data-name=\"DMADU Menstrual Heating Pad Belt for Period Pain Relief\" data-url=\"https:\/\/dmadu.com\/fr\/produit\/dmadu-menstrual-heating-pad-belt-for-period-pain-relief\/\" data-image-url=\"https:\/\/cdn.dmadu.com\/wp-content\/uploads\/2022\/12\/1-5.png\" data-widget-language=\"\"><\/div><\/script><\/div>\n\t\t\t\t\t\t<\/div>\n\t\t\t\t<\/div>\n\t\t\t\t\t<\/div>\n\t\t<\/div>\n\t\t\t\t\t<\/div>\n\t\t<\/section>\n\t\t\t\t<\/div>","protected":false},"excerpt":{"rendered":"<p><a href=\"https:\/\/dmadu.com\/wp-content\/uploads\/2021\/12\/858.jpg\"><img loading=\"lazy\" decoding=\"async\" class=\"alignnone size-medium wp-image-1575\" src=\"https:\/\/dmadu.com\/wp-content\/uploads\/2021\/12\/858-300x101.jpg\" alt=\"\" width=\"300\" height=\"101\" \/><\/a><\/p>\n<p><a href=\"https:\/\/dmadu.com\/wp-content\/uploads\/2021\/12\/7.png\"><img loading=\"lazy\" decoding=\"async\" class=\"alignnone size-medium wp-image-1570\" src=\"https:\/\/dmadu.com\/wp-content\/uploads\/2021\/12\/7-300x101.png\" alt=\"\" width=\"300\" height=\"101\" srcset=\"https:\/\/cdn.dmadu.com\/wp-content\/uploads\/2021\/12\/7-300x101.png 300w, https:\/\/cdn.dmadu.com\/wp-content\/uploads\/2021\/12\/7.png 387w\" sizes=\"(max-width: 300px) 100vw, 300px\" \/><\/a><\/p>","protected":false},"featured_media":3334,"comment_status":"open","ping_status":"closed","template":"","meta":[],"product_brand":[],"product_cat":[29],"product_tag":[],"class_list":{"0":"post-3319","1":"product","2":"type-product","3":"status-publish","4":"has-post-thumbnail","6":"product_cat-dmadu","8":"first","9":"outofstock","10":"sale","11":"shipping-taxable","12":"purchasable","13":"product-type-variable"},"aioseo_notices":[],"_links":{"self":[{"href":"https:\/\/dmadu.com\/fr\/wp-json\/wp\/v2\/product\/3319","targetHints":{"allow":["GET"]}}],"collection":[{"href":"https:\/\/dmadu.com\/fr\/wp-json\/wp\/v2\/product"}],"about":[{"href":"https:\/\/dmadu.com\/fr\/wp-json\/wp\/v2\/types\/product"}],"replies":[{"embeddable":true,"href":"https:\/\/dmadu.com\/fr\/wp-json\/wp\/v2\/comments?post=3319"}],"version-history":[{"count":0,"href":"https:\/\/dmadu.com\/fr\/wp-json\/wp\/v2\/product\/3319\/revisions"}],"wp:featuredmedia":[{"embeddable":true,"href":"https:\/\/dmadu.com\/fr\/wp-json\/wp\/v2\/media\/3334"}],"wp:attachment":[{"href":"https:\/\/dmadu.com\/fr\/wp-json\/wp\/v2\/media?parent=3319"}],"wp:term":[{"taxonomy":"product_brand","embeddable":true,"href":"https:\/\/dmadu.com\/fr\/wp-json\/wp\/v2\/product_brand?post=3319"},{"taxonomy":"product_cat","embeddable":true,"href":"https:\/\/dmadu.com\/fr\/wp-json\/wp\/v2\/product_cat?post=3319"},{"taxonomy":"product_tag","embeddable":true,"href":"https:\/\/dmadu.com\/fr\/wp-json\/wp\/v2\/product_tag?post=3319"}],"curies":[{"name":"wp","href":"https:\/\/api.w.org\/{rel}","templated":true}]}}