{"id":365,"date":"2013-08-11T20:13:42","date_gmt":"2013-08-11T20:13:42","guid":{"rendered":"http:\/\/localhost:8888\/test\/?page_id=545"},"modified":"2023-07-24T13:15:26","modified_gmt":"2023-07-24T13:15:26","slug":"faq","status":"publish","type":"page","link":"https:\/\/dmadu.com\/it\/faq\/","title":{"rendered":"FAQ"},"content":{"rendered":"<div id=\"s-8a691d69-c4d8-4a88-ba78-a2fc9d694c08\" class=\"shg-c shg-align-center\">\n<div class=\"shogun-heading-component\">\n<h1 style=\"text-align: center;\">QUESTIONS AND ANSWERS<\/h1>\n<\/div>\n<\/div>\n<p style=\"text-align: center;\"><strong>Come funziona?<\/strong><\/p>\n<p style=\"text-align: center;\">Utilizza un sistema di luce pulsata che va a colpire direttamente il follicolo alla radice interrompendone la ricrescita. Si tratta di un sistema avanzato che rende il tutto indolore.<\/p>\n<p style=\"text-align: center;\"><strong>\u00c8 sicuro da usare?<\/strong><\/p>\n<p style=\"text-align: center;\">Assolutamente s\u00ec! Dopo molti studi in tutto il mondo per verificarne la sicurezza possiamo affermarlo. Grazie a questo \u00e8 diventato un metodo estremamente popolare e sicuro per la rimozione dei peli.<\/p>\n<p style=\"text-align: center;\"><strong>Fa male?<\/strong><\/p>\n<p style=\"text-align: center;\">Per niente! Sentirai solo una sensazione tiepida sulla pelle.<\/p>\n<p style=\"text-align: center;\">Uno dei vantaggi principali \u00e8 proprio il fatto che sia indolore. Molti clienti l\u2019hanno definita come una sensazione tiepida sulla pelle.<\/p>\n<p style=\"text-align: center;\"><strong>\u00c8 permanente?<\/strong><\/p>\n<p style=\"text-align: center;\">Il nostro dispositivo offre un risultato a lunga durata, nessun trattamento laser \u00e8 permanente, nemmeno quelli in clinica. Fai attenzione quando le aziende lo definiscono \u201cpermanente\u201d, in quanto questo termine significa che non ci sar\u00e0 una ricrescita di peli per 6 mesi. Per mantenere un risultato a lungo termine, consigliamo di usare il nostro dispositivo una volta a settimana per 8 settimane, poi solo una volta ogni 2 mesi per mantenerla.<\/p>\n<p style=\"text-align: center;\"><strong>Quanto tempo passa prima di vedere qualche risultato?<\/strong><\/p>\n<p style=\"text-align: center;\">La maggior parte dei clienti inizia a vedere una riduzione dei peli in soli 2-3 trattamenti, con risultati completi dopo 9 trattamenti. Ovviamente i risultati possono variare di persona in persona.<\/p>\n<p style=\"text-align: center;\"><strong>Quanti anni durer\u00e0?<\/strong><\/p>\n<p style=\"text-align: center;\">Ha un\u2019autonomia di 600.000 flash, il che durer\u00e0 per oltre 12 anni se usato secondo le indicazioni.<\/p>\n<p style=\"text-align: center;\"><strong>Quali risultati posso aspettarmi?<\/strong><\/p>\n<p style=\"text-align: center;\">You will start seeing results pretty quickly \u2013 and after the first four treatments, long-lasting smoothness should be yours. Enjoy<strong>\u00a095% di riduzione dei peli<\/strong> after just four treatments. After the first four treatments, you have up to <strong>8 settimane<\/strong>\u00a0di libert\u00e0 senza dover rimuovere altri peli. I peli che ricresceranno saranno pi\u00f9 sottili e morbidi.<\/p>\n<p style=\"text-align: center;\"><strong>Posso usarlo su tutte le parti del corpo?<\/strong><\/p>\n<p style=\"text-align: center;\">\u00a0Puoi usarlo su tutto il corpo, inclusa la Brasiliana e il viso (assicurati solo di non avvicinarlo troppo agli occhi)<\/p>\n<p style=\"text-align: center;\"><strong>\u00c8 sicuro usarlo se si \u00e8 incinta?<\/strong><\/p>\n<p style=\"text-align: center;\">Nonostante non ci siano evidenti effetti negativi su donne incinta o che allattano, ne sconsigliamo l\u2019uso per precauzione.<\/p>\n<p style=\"text-align: center;\"><strong>Quali sono i tempi di consegna?<\/strong><\/p>\n<div style=\"text-align: center;\">Your products will be delivered within 5 to 9 business days of your order if they are already in our local warehouse.<\/div>\n<div style=\"text-align: center;\"><\/div>\n<div style=\"text-align: center;\"><strong>Ha una garanzia?\u00a0<\/strong><\/div>\n<div><\/div>\n<div style=\"text-align: center;\"><span style=\"color: #555555; font-size: 14.4px;\">Ha una garanzia di 12 mesi a partire dalla data in cui lo ricevi. La garanzia non copre le seguenti e non \u00e8 limitato a:\nSmarrimento, uso improprio, incidenti, alteramente, manutenzione, uso non autorizzato con accessori e altre condizioni all\u2019infuori del normale uso.<\/span><\/div>\n<div><\/div>\n<div style=\"text-align: center;\"><strong>Funziona con i peli del corpo di tutti i colori?<\/strong><\/div>\n<div>\n<p style=\"text-align: center;\">S\u00ec! Funziona sia su peli chiari che scuri, se i tuoi peli sono pi\u00f9 chiari ti serviranno giusto 1-2 sessioni in pi\u00f9 per ottener gli stessi risultati di chi ha i peli castani per esempio.<\/p>\n<p style=\"text-align: center;\"><strong>Quanto \u00e8 potente?<\/strong><\/p>\n<p style=\"text-align: center;\"><span style=\"color: #333333; font-size: 14.4px;\">Ha un\u2019energia d\u2019uscita di 4.9j\/cm2, il che significa \u00e8 ideale per una rimozione di peli sicura, ed \u00e8 anche approvato per un uso domestico efficace.<\/span><\/p>\n<\/div>","protected":false},"excerpt":{"rendered":"<p>QUESTIONS AND ANSWERS How does DMADU\u2122 Advanced Hair Removal work? DMADU\u2122 Advanced Handset uses IPL (Intense Pulsed Light), which is a modern type of laser hair removal used for long-term, pain-free hair removal. When our Handset is used on your hair, it absorbs the IPL which then heats and destroys the targeted hair cells. Is [&#8230;]\n","protected":false},"author":1,"featured_media":0,"parent":0,"menu_order":0,"comment_status":"closed","ping_status":"closed","template":"","meta":{"footnotes":""},"class_list":["post-365","page","type-page","status-publish","hentry"],"aioseo_notices":[],"_links":{"self":[{"href":"https:\/\/dmadu.com\/it\/wp-json\/wp\/v2\/pages\/365","targetHints":{"allow":["GET"]}}],"collection":[{"href":"https:\/\/dmadu.com\/it\/wp-json\/wp\/v2\/pages"}],"about":[{"href":"https:\/\/dmadu.com\/it\/wp-json\/wp\/v2\/types\/page"}],"author":[{"embeddable":true,"href":"https:\/\/dmadu.com\/it\/wp-json\/wp\/v2\/users\/1"}],"replies":[{"embeddable":true,"href":"https:\/\/dmadu.com\/it\/wp-json\/wp\/v2\/comments?post=365"}],"version-history":[{"count":0,"href":"https:\/\/dmadu.com\/it\/wp-json\/wp\/v2\/pages\/365\/revisions"}],"wp:attachment":[{"href":"https:\/\/dmadu.com\/it\/wp-json\/wp\/v2\/media?parent=365"}],"curies":[{"name":"wp","href":"https:\/\/api.w.org\/{rel}","templated":true}]}}