{"id":2872,"date":"2022-12-07T15:20:01","date_gmt":"2022-12-07T15:20:01","guid":{"rendered":"https:\/\/dmadu.com\/?post_type=product&#038;p=2872"},"modified":"2025-09-27T07:27:22","modified_gmt":"2025-09-27T07:27:22","slug":"1-million-flash-digital-laser-hair-removal","status":"publish","type":"product","link":"https:\/\/dmadu.com\/it\/prodotto\/1-million-flash-digital-laser-hair-removal\/","title":{"rendered":"Rimuovi peli laser 1 Million Flash"},"content":{"rendered":"<div data-elementor-type=\"wp-post\" data-elementor-id=\"2872\" class=\"elementor elementor-2872\">\n\t\t\t\t\t\t<section class=\"elementor-section elementor-top-section elementor-element elementor-element-703f0eab elementor-section-boxed elementor-section-height-default elementor-section-height-default\" data-id=\"703f0eab\" data-element_type=\"section\" data-e-type=\"section\">\n\t\t\t\t\t\t<div class=\"elementor-container elementor-column-gap-default\">\n\t\t\t\t\t<div class=\"elementor-column elementor-col-100 elementor-top-column elementor-element elementor-element-4bce21e5\" data-id=\"4bce21e5\" data-element_type=\"column\" data-e-type=\"column\">\n\t\t\t<div class=\"elementor-widget-wrap elementor-element-populated\">\n\t\t\t\t\t\t<div class=\"elementor-element elementor-element-70c1b1c8 elementor-widget elementor-widget-text-editor\" data-id=\"70c1b1c8\" data-element_type=\"widget\" data-e-type=\"widget\" data-widget_type=\"text-editor.default\">\n\t\t\t\t<div class=\"elementor-widget-container\">\n\t\t\t\t\t\t\t\t\t<h2>Discover the advantages of the Million Flash digital device<\/h2><p class=\"translation-block\">Lo strumento di rimozione peli laser di alta qualit\u00e0 DMADU \u00e8 un dispositivo di rimozione peli che si pu\u00f2 utilizzare comodamente a casa ed \u00e8 indolore, perfino meglio della ceretta o della lametta, e molto delicato sulla pelle. Prova la migliore esperienza di rimozione laser dei peli a casa tua con il nostro nuovo Rimuovi Peli Laser 1 Million Flash<\/p><h3><span style=\"background-color: #00ff00;\"><strong>Colpisce i peli prima che ricrescano<\/strong><\/span><\/h3><p class=\"translation-block\">L\u2019intenso laser a luce pulsante rompe il ciclo di crescita del pelo andando a colpire la melanina nel follicolo e interrompe la crescita alla radice. Con un uso costante, la ricrescita dei peli rallenta e diventa meno spesso. Il risultato \u00e8 duraturo, e assicura una pelle liscia e vellutata<\/p><h3><span style=\"background-color: #00ff00;\"><strong>Si pu\u00f2 usare per tutto il corpo<\/strong><\/span><\/h3><p class=\"translation-block\">Il nostro rimuovi peli laser che si pu\u00f2 utilizzare comodamente a casa pu\u00f2 essere usato sul viso, linee del bikini, schiena, gambe, e perfino le aree sensibili come la parte superiore delle labbra. Insomma, si prende cura di tutto il tuo corpo!<\/p><h3><span style=\"background-color: #00ff00;\"><strong>Una rimozione dei peli indolore<\/strong><\/span><\/h3><p class=\"translation-block\">Puoi dire addio a quelle cerette dolorose o ai peli incarniti per via delle lamette! Il nostro dispositivo laser di rimozione peli \u00e8 indolore a super facile da usare, l\u2019unica cosa che sentirai sarai un leggerissimo calore sulla tua pelle man mano che muovi il dispositivo sul corpo. Riduci le imperfezioni della pelle. Non solo rimuove i peli, ma aiuta anche a migliorare l\u2019aspetto della tua pelle eliminando le imperfezioni, previene la fuoriuscita di brufoli, cicatrici e macchie d\u2019abbronzature.  In poche parole, ti baster\u00e0 un solo dispositivo per avere la migliore pelle della tua vita!<\/p><h3><span style=\"background-color: #00ff00;\"><strong>Design Ergonomico<\/strong><\/span><\/h3><p class=\"translation-block\">Il Rimuovi peli laser 1 Million Flash \u00e8 davvero comodo da tenere in mano e muovere lungo il corpo. L\u2019ampia testa velocizza il processo di rimozione peli e rende indolore il tutto, permettendo di concentrare il laser solo sulla zona desiderata.<\/p><h3><span style=\"background-color: #00ff00;\"><strong>Rimozione dei peli in modo conveniente nel comfort di casa tua<\/strong><\/span><\/h3><p class=\"translation-block\">Questo dispositivo pu\u00f2 essere usato nel comfort di casa tua. Niente pi\u00f9 giornate intere passate in saloni costosi! Grazie alle sue dimensioni ridotte potrai portarlo conte dovunque tu vada, che sia in viaggio o da un\u2019amica.<\/p><h3><span style=\"background-color: #00ff00;\"><strong>Solo la migliore qualit\u00e0<\/strong><\/span><\/h3><p class=\"translation-block\">Goditi la tecnologia pi\u00f9 avanzata sul nostro dispositivo, dotato anche di un display LCD con 2 Modalit\u00e0 di utilizzo. Ci sono anche 5 livelli diversi di energia tra cui scegliere, in base alla tua tolleranza al dolore e alla quantit\u00e0\/tipo di peli da rimuovere. Il livello di energia alto funziona meglio su peli pi\u00f9 spessi mentre il livello basso \u00e8 consigliato su parti pi\u00f9 sensibili.  Acquista il nostro DMADU Rimuovi peli laser 1 Million Flash oggi per poter finalmente fare una rimozione peli indolore e rendere la tua pelle pi\u00f9 liscia che mai!<\/p>\t\t\t\t\t\t\t\t<\/div>\n\t\t\t\t<\/div>\n\t\t\t\t<div class=\"elementor-element elementor-element-b840e4f elementor-widget elementor-widget-shortcode\" data-id=\"b840e4f\" data-element_type=\"widget\" data-e-type=\"widget\" data-widget_type=\"shortcode.default\">\n\t\t\t\t<div class=\"elementor-widget-container\">\n\t\t\t\t\t\t\t<div class=\"elementor-shortcode\"><div id=\"stamped-main-widget\" class=\"stamped stamped-main-widget\"  data-product-id=\"2872\" data-product-sku=\"\" data-name=\"1 Million Flash Digital Laser Hair Removal\" data-url=\"https:\/\/dmadu.com\/it\/prodotto\/1-million-flash-digital-laser-hair-removal\/\" data-image-url=\"https:\/\/cdn.dmadu.com\/wp-content\/uploads\/2022\/12\/dmadu-digital-handset.jpeg\" data-widget-language=\"\"><\/div><\/div>\n\t\t\t\t\t\t<\/div>\n\t\t\t\t<\/div>\n\t\t\t\t\t<\/div>\n\t\t<\/div>\n\t\t\t\t\t<\/div>\n\t\t<\/section>\n\t\t\t\t<\/div>","protected":false},"excerpt":{"rendered":"<p><img decoding=\"async\" class=\"alignnone size-medium wp-image-1575\" src=\"https:\/\/dmadu.com\/wp-content\/uploads\/2021\/12\/858-300x101.jpg\" alt=\"\" width=\"300\" height=\"101\" \/><\/p>\n<p><img decoding=\"async\" class=\"alignnone size-medium wp-image-1570\" src=\"https:\/\/dmadu.com\/wp-content\/uploads\/2021\/12\/7-300x101.png\" alt=\"\" width=\"300\" height=\"101\" srcset=\"https:\/\/cdn.dmadu.com\/wp-content\/uploads\/2021\/12\/7-300x101.png 300w, https:\/\/cdn.dmadu.com\/wp-content\/uploads\/2021\/12\/7.png 387w\" sizes=\"(max-width: 300px) 100vw, 300px\" \/><\/p>","protected":false},"featured_media":2987,"comment_status":"open","ping_status":"closed","template":"","meta":[],"product_brand":[],"product_cat":[29],"product_tag":[],"class_list":{"0":"post-2872","1":"product","2":"type-product","3":"status-publish","4":"has-post-thumbnail","6":"product_cat-dmadu","8":"first","9":"instock","10":"sale","11":"shipping-taxable","12":"purchasable","13":"product-type-simple"},"aioseo_notices":[],"_links":{"self":[{"href":"https:\/\/dmadu.com\/it\/wp-json\/wp\/v2\/product\/2872","targetHints":{"allow":["GET"]}}],"collection":[{"href":"https:\/\/dmadu.com\/it\/wp-json\/wp\/v2\/product"}],"about":[{"href":"https:\/\/dmadu.com\/it\/wp-json\/wp\/v2\/types\/product"}],"replies":[{"embeddable":true,"href":"https:\/\/dmadu.com\/it\/wp-json\/wp\/v2\/comments?post=2872"}],"version-history":[{"count":4,"href":"https:\/\/dmadu.com\/it\/wp-json\/wp\/v2\/product\/2872\/revisions"}],"predecessor-version":[{"id":8075,"href":"https:\/\/dmadu.com\/it\/wp-json\/wp\/v2\/product\/2872\/revisions\/8075"}],"wp:featuredmedia":[{"embeddable":true,"href":"https:\/\/dmadu.com\/it\/wp-json\/wp\/v2\/media\/2987"}],"wp:attachment":[{"href":"https:\/\/dmadu.com\/it\/wp-json\/wp\/v2\/media?parent=2872"}],"wp:term":[{"taxonomy":"product_brand","embeddable":true,"href":"https:\/\/dmadu.com\/it\/wp-json\/wp\/v2\/product_brand?post=2872"},{"taxonomy":"product_cat","embeddable":true,"href":"https:\/\/dmadu.com\/it\/wp-json\/wp\/v2\/product_cat?post=2872"},{"taxonomy":"product_tag","embeddable":true,"href":"https:\/\/dmadu.com\/it\/wp-json\/wp\/v2\/product_tag?post=2872"}],"curies":[{"name":"wp","href":"https:\/\/api.w.org\/{rel}","templated":true}]}}